{"id":593,"date":"2017-11-29T05:24:46","date_gmt":"2017-11-29T05:24:46","guid":{"rendered":"http:\/\/pruebas.seguristec.com.mx?page_id=593"},"modified":"2026-02-11T13:24:51","modified_gmt":"2026-02-11T19:24:51","slug":"inicio","status":"publish","type":"page","link":"https:\/\/seguristec.com.mx\/v2\/","title":{"rendered":"Inicio"},"content":{"rendered":"<div class=\"wpb-content-wrapper\"><p>[vc_row css=\u00bb.vc_custom_1500124669125{padding-top: 50px !important;padding-bottom: 70px !important;}\u00bb][vc_column css_animation=\u00bbbounceInLeft\u00bb width=\u00bb1\/3&#8243;][capital_fblock fblock_img_size=\u00bb600&#215;450&#8243; fblock_bg_color=\u00bbaccent-bg\u00bb fblock_title=\u00bbALTA TECNOLOG\u00cdA EN REDES Y SISTEMAS\u00bb fblock_title_size=\u00bb24px\u00bb fblock_image=\u00bb845&#8243; fblock_link=\u00bb|||\u00bb][\/vc_column][vc_column css_animation=\u00bbbounceInUp\u00bb width=\u00bb1\/3&#8243;][capital_fblock fblock_img_size=\u00bb600&#215;450&#8243; fblock_title=\u00bbCONSTRUCCIONES Y DESARROLLO DE PROYECTOS\u00bb fblock_title_size=\u00bb24px\u00bb fblock_image=\u00bb1049&#8243; fblock_link=\u00bb|||\u00bb][\/vc_column][vc_column css_animation=\u00bbbounceInRight\u00bb width=\u00bb1\/3&#8243;][capital_fblock fblock_img_size=\u00bb600&#215;450&#8243; fblock_bg_color=\u00bbcustom\u00bb fblock_title=\u00bbEDIFICIOS INTELIGENTES\u00bb fblock_title_size=\u00bb24px\u00bb fblock_image=\u00bb1050&#8243; fblock_bg_color_custom=\u00bb#111c24&#8243; fblock_link=\u00bb|||\u00bb][\/vc_column][\/vc_row][vc_row css=\u00bb.vc_custom_1500124669125{padding-top: 50px !important;padding-bottom: 70px !important;}\u00bb][vc_column css_animation=\u00bbbounceInLeft\u00bb width=\u00bb1\/3&#8243;][capital_fblock fblock_img_size=\u00bb600&#215;450&#8243; fblock_bg_color=\u00bbaccent-bg\u00bb fblock_title=\u00bbGUARDIAS INTRAMUROS Y COORPORATIVOS\u00bb fblock_title_size=\u00bb24px\u00bb fblock_image=\u00bb1183&#8243; fblock_link=\u00bburl:https%3A%2F%2Fseguristec.com.mx%2Fv2%2Fclientes%2F|title:Clientes\u00bb][\/vc_column][\/vc_row][vc_row full_width=\u00bbstretch_row\u00bb css_animation=\u00bbfadeIn\u00bb css=\u00bb.vc_custom_1643050497281{border-top-width: 1px !important;border-bottom-width: 1px !important;padding-bottom: 35px !important;background-color: #ededed !important;border-top-color: #eeeeee !important;border-top-style: solid !important;border-bottom-color: #eeeeee !important;border-bottom-style: solid !important;}\u00bb][vc_column width=\u00bb1\/4&#8243; css=\u00bb.vc_custom_1643058616878{padding-bottom: 0px !important;background-color: #ededed !important;}\u00bb el_class=\u00bbcentrar_titulo\u00bb][capital_ibox type=\u00bbmaterial\u00bb icon_material=\u00bbvc-material vc-material-info\u00bb ibox_icon_color=\u00bbcustom\u00bb ibox_title=\u00bbInformaci\u00f3n\u00bb ibox_title_size=\u00bb22px\u00bb ibox_desc_size=\u00bb30px\u00bb ibox_calign=\u00bb\u00bb ibox_icon_color_custom=\u00bb#2edb61&#8243; ibox_title_color_custom=\u00bb#1d5fa5&#8243; ibox_desc_color_custom=\u00bb#cccccc\u00bb][\/vc_column][vc_column width=\u00bb1\/4&#8243;][capital_ibox type=\u00bbmaterial\u00bb icon_material=\u00bbvc-material vc-material-security\u00bb ibox_icon_color=\u00bbcustom\u00bb ibox_title=\u00bbSeguridad\u00bb ibox_title_size=\u00bb22px\u00bb ibox_calign=\u00bb\u00bb ibox_icon_color_custom=\u00bb#2edb61&#8243; ibox_desc_color_custom=\u00bb#cccccc\u00bb ibox_title_color_custom=\u00bb#1d5fa5&#8243;][\/vc_column][vc_column width=\u00bb1\/4&#8243;][capital_ibox type=\u00bbmaterial\u00bb icon_material=\u00bbvc-material vc-material-domain\u00bb ibox_icon_color=\u00bbcustom\u00bb ibox_title=\u00bbConstrucci\u00f3n\u00bb ibox_title_size=\u00bb22px\u00bb ibox_calign=\u00bb\u00bb ibox_icon_color_custom=\u00bb#2edb61&#8243; ibox_desc_color_custom=\u00bb#cccccc\u00bb ibox_title_color_custom=\u00bb#1d5fa5&#8243;][\/vc_column][vc_column width=\u00bb1\/4&#8243;][capital_ibox type=\u00bbmaterial\u00bb icon_material=\u00bbvc-material vc-material-fingerprint\u00bb ibox_icon_color=\u00bbcustom\u00bb ibox_title=\u00bbTecnolog\u00eda\u00bb ibox_title_size=\u00bb22px\u00bb ibox_calign=\u00bb\u00bb ibox_icon_color_custom=\u00bb#2edb61&#8243; ibox_desc_color_custom=\u00bb#cccccc\u00bb ibox_title_color_custom=\u00bb#1d5fa5&#8243;][\/vc_column][\/vc_row][vc_row full_width=\u00bbstretch_row\u00bb equal_height=\u00bbyes\u00bb content_placement=\u00bbmiddle\u00bb css=\u00bb.vc_custom_1511991935428{padding-top: 0px !important;padding-bottom: 50px !important;background-color: #f5f5f5 !important;background-position: center !important;background-repeat: no-repeat !important;background-size: cover !important;}\u00bb][vc_column css_animation=\u00bbbounceInLeft\u00bb width=\u00bb1\/2&#8243; css=\u00bb.vc_custom_1642732991099{padding-top: 70px !important;}\u00bb][vc_custom_heading text=\u00bbSEGURISTEC M\u00c9XICO\u00bb font_container=\u00bbtag:h1|font_size:2.5rem|text_align:left\u00bb use_theme_fonts=\u00bbyes\u00bb css=\u00bb.vc_custom_1642622374298{margin-bottom: 50px !important;}\u00bb][vc_column_text css=\u00bb.vc_custom_1514327512099{padding-right: 30px !important;}\u00bb]<\/p>\n<p style=\"text-align: justify;\"><span style=\"font-size: 14pt;\"><strong><span style=\"color: #002f86;\">Somos una Empresa de Servicios Integrales, que surge ante la necesidad de actualizarse de acuerdo a las nuevas exigencias administrativas de las empresas.<\/span><\/strong><\/span><\/p>\n<p style=\"text-align: justify;\">A trav\u00e9s de los a\u00f1os de experiencia en la oferta de m\u00faltiples servicios y productos, GRUPO SEGURISTEC M\u00c9XICO ha logrado desarrollar importantes labores, teniendo distintas responsabilidades en negocios y proyectos de distinta envergadura.<\/p>\n<p>[\/vc_column_text][\/vc_column][vc_column css_animation=\u00bbbounceInRight\u00bb width=\u00bb1\/2&#8243; css=\u00bb.vc_custom_1642733000603{padding-top: 60px !important;padding-bottom: 40px !important;background-image: url(https:\/\/seguristec.com.mx\/v2\/wp-content\/uploads\/2017\/11\/seguristec.jpg?id=610) !important;background-position: center !important;background-repeat: no-repeat !important;background-size: cover !important;}\u00bb][capital_counter counter_number=\u00bb26&#8243; counter_number_text=\u00bb+\u00bb counter_number_color=\u00bbsecondary-color\u00bb counter_number_font=\u00bb190px\u00bb][vc_custom_heading text=\u00bbA\u00d1OS DE EXPERIENCIA\u00bb font_container=\u00bbtag:h2|text_align:center|color:%23ffffff\u00bb use_theme_fonts=\u00bbyes\u00bb css=\u00bb.vc_custom_1511991583423{margin-top: -90px !important;margin-bottom: 20px !important;}\u00bb][\/vc_column][\/vc_row][vc_row][vc_column css_animation=\u00bbbounceInLeft\u00bb width=\u00bb1\/3&#8243;][capital_ibox icon_fontawesome=\u00bbfa fa-check-circle\u00bb ibox_icon_size=\u00bb48px\u00bb ibox_title=\u00bbCalidad\u00bb ibox_desc=\u00bbTrabajamos mediante un sistema integrado de gesti\u00f3n de calidad buscando satisfacer las necesidades de nuestros clientes.\u00bb ibox_calign=\u00bb\u00bb ibox_desc_color_custom=\u00bb#ffffff\u00bb ibox_title_color_custom=\u00bb#ffffff\u00bb][\/vc_column][vc_column css_animation=\u00bbbounceInUp\u00bb width=\u00bb1\/3&#8243;][capital_ibox icon_fontawesome=\u00bbfa fa-users\u00bb ibox_icon_size=\u00bb48px\u00bb ibox_title=\u00bbAtenci\u00f3n Personalizada\u00bb ibox_desc=\u00bbContamos con personal profesional altamente capacitado, especializado para brindar una atenci\u00f3n personalizada.\u00bb ibox_calign=\u00bb\u00bb ibox_desc_color_custom=\u00bb#ffffff\u00bb ibox_title_color_custom=\u00bb#ffffff\u00bb][\/vc_column][vc_column css_animation=\u00bbbounceInRight\u00bb width=\u00bb1\/3&#8243;][capital_ibox icon_fontawesome=\u00bbfa fa-clock-o\u00bb ibox_icon_size=\u00bb48px\u00bb ibox_title=\u00bbDisponibilidad\u00bb ibox_desc=\u00bbContamos con personal disponible para tomar decisiones en cualquier tipo de situaci\u00f3n (todo tipo de sistema de seguridad)\u00bb ibox_calign=\u00bb\u00bb ibox_desc_color_custom=\u00bb#ffffff\u00bb ibox_title_color_custom=\u00bb#ffffff\u00bb][\/vc_column][\/vc_row][vc_row][vc_column][vc_empty_space][\/vc_column][\/vc_row][vc_row full_width=\u00bbstretch_row\u00bb css_animation=\u00bbslideInRight\u00bb el_class=\u00bbsecondary-overlay\u00bb css=\u00bb.vc_custom_1642733121443{background: #1e73be url(https:\/\/seguristec.com.mx\/v2\/wp-content\/uploads\/2017\/11\/parabg22.jpg?id=615) !important;background-position: center !important;background-repeat: no-repeat !important;background-size: cover !important;}\u00bb][vc_column][vc_empty_space][vc_column_text]<\/p>\n<h3 style=\"text-align: center;\"><span style=\"color: #ffffff;\">Impulsaremos su crecimiento en tecnolog\u00eda.<\/span><\/h3>\n<p>[\/vc_column_text][\/vc_column][\/vc_row][vc_row][vc_column][vc_empty_space][\/vc_column][\/vc_row]<\/p>\n<\/div>","protected":false},"excerpt":{"rendered":"<p>[vc_row css=\u00bb.vc_custom_1500124669125{padding-top: 50px !important;padding-bottom: 70px !important;}\u00bb][vc_column css_animation=\u00bbbounceInLeft\u00bb width=\u00bb1\/3&#8243;][capital_fblock fblock_img_size=\u00bb600&#215;450&#8243; fblock_bg_color=\u00bbaccent-bg\u00bb fblock_title=\u00bbALTA TECNOLOG\u00cdA EN REDES Y SISTEMAS\u00bb fblock_title_size=\u00bb24px\u00bb fblock_image=\u00bb845&#8243; fblock_link=\u00bb|||\u00bb][\/vc_column][vc_column css_animation=\u00bbbounceInUp\u00bb width=\u00bb1\/3&#8243;][capital_fblock fblock_img_size=\u00bb600&#215;450&#8243; fblock_title=\u00bbCONSTRUCCIONES Y DESARROLLO DE PROYECTOS\u00bb fblock_title_size=\u00bb24px\u00bb fblock_image=\u00bb1049&#8243; fblock_link=\u00bb|||\u00bb][\/vc_column][vc_column css_animation=\u00bbbounceInRight\u00bb width=\u00bb1\/3&#8243;][capital_fblock fblock_img_size=\u00bb600&#215;450&#8243; fblock_bg_color=\u00bbcustom\u00bb fblock_title=\u00bbEDIFICIOS INTELIGENTES\u00bb fblock_title_size=\u00bb24px\u00bb fblock_image=\u00bb1050&#8243; fblock_bg_color_custom=\u00bb#111c24&#8243; fblock_link=\u00bb|||\u00bb][\/vc_column][\/vc_row][vc_row css=\u00bb.vc_custom_1500124669125{padding-top: 50px !important;padding-bottom: 70px !important;}\u00bb][vc_column css_animation=\u00bbbounceInLeft\u00bb width=\u00bb1\/3&#8243;][capital_fblock fblock_img_size=\u00bb600&#215;450&#8243; fblock_bg_color=\u00bbaccent-bg\u00bb fblock_title=\u00bbGUARDIAS INTRAMUROS Y COORPORATIVOS\u00bb fblock_title_size=\u00bb24px\u00bb fblock_image=\u00bb1183&#8243; fblock_link=\u00bburl:https%3A%2F%2Fseguristec.com.mx%2Fv2%2Fclientes%2F|title:Clientes\u00bb][\/vc_column][\/vc_row][vc_row full_width=\u00bbstretch_row\u00bb css_animation=\u00bbfadeIn\u00bb css=\u00bb.vc_custom_1643050497281{border-top-width: 1px !important;border-bottom-width: 1px !important;padding-bottom: 35px !important;background-color: #ededed !important;border-top-color: #eeeeee !important;border-top-style: solid !important;border-bottom-color: #eeeeee !important;border-bottom-style: solid !important;}\u00bb][vc_column width=\u00bb1\/4&#8243; css=\u00bb.vc_custom_1643058616878{padding-bottom: 0px !important;background-color: #ededed !important;}\u00bb el_class=\u00bbcentrar_titulo\u00bb][capital_ibox type=\u00bbmaterial\u00bb icon_material=\u00bbvc-material vc-material-info\u00bb ibox_icon_color=\u00bbcustom\u00bb ibox_title=\u00bbInformaci\u00f3n\u00bb ibox_title_size=\u00bb22px\u00bb ibox_desc_size=\u00bb30px\u00bb ibox_calign=\u00bb\u00bb ibox_icon_color_custom=\u00bb#2edb61&#8243; ibox_title_color_custom=\u00bb#1d5fa5&#8243; ibox_desc_color_custom=\u00bb#cccccc\u00bb][\/vc_column][vc_column width=\u00bb1\/4&#8243;][capital_ibox type=\u00bbmaterial\u00bb icon_material=\u00bbvc-material vc-material-security\u00bb ibox_icon_color=\u00bbcustom\u00bb ibox_title=\u00bbSeguridad\u00bb ibox_title_size=\u00bb22px\u00bb ibox_calign=\u00bb\u00bb ibox_icon_color_custom=\u00bb#2edb61&#8243; ibox_desc_color_custom=\u00bb#cccccc\u00bb ibox_title_color_custom=\u00bb#1d5fa5&#8243;][\/vc_column][vc_column width=\u00bb1\/4&#8243;][capital_ibox type=\u00bbmaterial\u00bb icon_material=\u00bbvc-material vc-material-domain\u00bb ibox_icon_color=\u00bbcustom\u00bb ibox_title=\u00bbConstrucci\u00f3n\u00bb ibox_title_size=\u00bb22px\u00bb ibox_calign=\u00bb\u00bb ibox_icon_color_custom=\u00bb#2edb61&#8243; ibox_desc_color_custom=\u00bb#cccccc\u00bb ibox_title_color_custom=\u00bb#1d5fa5&#8243;][\/vc_column][vc_column width=\u00bb1\/4&#8243;][capital_ibox type=\u00bbmaterial\u00bb icon_material=\u00bbvc-material vc-material-fingerprint\u00bb ibox_icon_color=\u00bbcustom\u00bb ibox_title=\u00bbTecnolog\u00eda\u00bb ibox_title_size=\u00bb22px\u00bb ibox_calign=\u00bb\u00bb ibox_icon_color_custom=\u00bb#2edb61&#8243; ibox_desc_color_custom=\u00bb#cccccc\u00bb ibox_title_color_custom=\u00bb#1d5fa5&#8243;][\/vc_column][\/vc_row][vc_row full_width=\u00bbstretch_row\u00bb equal_height=\u00bbyes\u00bb content_placement=\u00bbmiddle\u00bb css=\u00bb.vc_custom_1511991935428{padding-top: 0px !important;padding-bottom: 50px !important;background-color: #f5f5f5 !important;background-position: center !important;background-repeat: no-repeat !important;background-size: cover !important;}\u00bb][vc_column css_animation=\u00bbbounceInLeft\u00bb width=\u00bb1\/2&#8243; css=\u00bb.vc_custom_1642732991099{padding-top: 70px !important;}\u00bb][vc_custom_heading text=\u00bbSEGURISTEC M\u00c9XICO\u00bb font_container=\u00bbtag:h1|font_size:2.5rem|text_align:left\u00bb use_theme_fonts=\u00bbyes\u00bb css=\u00bb.vc_custom_1642622374298{margin-bottom: 50px !important;}\u00bb][vc_column_text css=\u00bb.vc_custom_1514327512099{padding-right: 30px !important;}\u00bb] Somos una Empresa de Servicios Integrales, que surge ante la necesidad de actualizarse de acuerdo a las nuevas exigencias administrativas de las empresas. A trav\u00e9s de los a\u00f1os de experiencia en la oferta de m\u00faltiples servicios y productos, GRUPO SEGURISTEC M\u00c9XICO ha logrado desarrollar importantes labores, teniendo distintas responsabilidades en negocios y proyectos de distinta envergadura. [\/vc_column_text][\/vc_column][vc_column css_animation=\u00bbbounceInRight\u00bb width=\u00bb1\/2&#8243; css=\u00bb.vc_custom_1642733000603{padding-top: 60px !important;padding-bottom: 40px !important;background-image: url(https:\/\/seguristec.com.mx\/v2\/wp-content\/uploads\/2017\/11\/seguristec.jpg?id=610) !important;background-position: center !important;background-repeat: no-repeat !important;background-size: cover !important;}\u00bb][capital_counter counter_number=\u00bb26&#8243; counter_number_text=\u00bb+\u00bb counter_number_color=\u00bbsecondary-color\u00bb counter_number_font=\u00bb190px\u00bb][vc_custom_heading text=\u00bbA\u00d1OS DE EXPERIENCIA\u00bb font_container=\u00bbtag:h2|text_align:center|color:%23ffffff\u00bb use_theme_fonts=\u00bbyes\u00bb css=\u00bb.vc_custom_1511991583423{margin-top: -90px !important;margin-bottom: 20px !important;}\u00bb][\/vc_column][\/vc_row][vc_row][vc_column css_animation=\u00bbbounceInLeft\u00bb width=\u00bb1\/3&#8243;][capital_ibox icon_fontawesome=\u00bbfa fa-check-circle\u00bb ibox_icon_size=\u00bb48px\u00bb ibox_title=\u00bbCalidad\u00bb ibox_desc=\u00bbTrabajamos mediante un sistema integrado de gesti\u00f3n de calidad buscando satisfacer las necesidades de nuestros clientes.\u00bb ibox_calign=\u00bb\u00bb ibox_desc_color_custom=\u00bb#ffffff\u00bb ibox_title_color_custom=\u00bb#ffffff\u00bb][\/vc_column][vc_column css_animation=\u00bbbounceInUp\u00bb width=\u00bb1\/3&#8243;][capital_ibox icon_fontawesome=\u00bbfa fa-users\u00bb ibox_icon_size=\u00bb48px\u00bb ibox_title=\u00bbAtenci\u00f3n Personalizada\u00bb ibox_desc=\u00bbContamos con personal profesional altamente capacitado, especializado para brindar una atenci\u00f3n personalizada.\u00bb ibox_calign=\u00bb\u00bb ibox_desc_color_custom=\u00bb#ffffff\u00bb ibox_title_color_custom=\u00bb#ffffff\u00bb][\/vc_column][vc_column css_animation=\u00bbbounceInRight\u00bb width=\u00bb1\/3&#8243;][capital_ibox icon_fontawesome=\u00bbfa fa-clock-o\u00bb ibox_icon_size=\u00bb48px\u00bb ibox_title=\u00bbDisponibilidad\u00bb ibox_desc=\u00bbContamos con personal disponible para tomar decisiones en cualquier tipo de situaci\u00f3n (todo tipo de sistema de seguridad)\u00bb ibox_calign=\u00bb\u00bb ibox_desc_color_custom=\u00bb#ffffff\u00bb ibox_title_color_custom=\u00bb#ffffff\u00bb][\/vc_column][\/vc_row][vc_row][vc_column][vc_empty_space][\/vc_column][\/vc_row][vc_row full_width=\u00bbstretch_row\u00bb css_animation=\u00bbslideInRight\u00bb el_class=\u00bbsecondary-overlay\u00bb css=\u00bb.vc_custom_1642733121443{background: #1e73be url(https:\/\/seguristec.com.mx\/v2\/wp-content\/uploads\/2017\/11\/parabg22.jpg?id=615) !important;background-position: center !important;background-repeat: no-repeat !important;background-size: cover !important;}\u00bb][vc_column][vc_empty_space][vc_column_text] Impulsaremos su crecimiento en tecnolog\u00eda. [\/vc_column_text][\/vc_column][\/vc_row][vc_row][vc_column][vc_empty_space][\/vc_column][\/vc_row]<\/p>\n","protected":false},"author":2,"featured_media":0,"parent":0,"menu_order":0,"comment_status":"closed","ping_status":"closed","template":"","meta":{"footnotes":""},"class_list":["post-593","page","type-page","status-publish","hentry"],"_links":{"self":[{"href":"https:\/\/seguristec.com.mx\/v2\/wp-json\/wp\/v2\/pages\/593"}],"collection":[{"href":"https:\/\/seguristec.com.mx\/v2\/wp-json\/wp\/v2\/pages"}],"about":[{"href":"https:\/\/seguristec.com.mx\/v2\/wp-json\/wp\/v2\/types\/page"}],"author":[{"embeddable":true,"href":"https:\/\/seguristec.com.mx\/v2\/wp-json\/wp\/v2\/users\/2"}],"replies":[{"embeddable":true,"href":"https:\/\/seguristec.com.mx\/v2\/wp-json\/wp\/v2\/comments?post=593"}],"version-history":[{"count":35,"href":"https:\/\/seguristec.com.mx\/v2\/wp-json\/wp\/v2\/pages\/593\/revisions"}],"predecessor-version":[{"id":1192,"href":"https:\/\/seguristec.com.mx\/v2\/wp-json\/wp\/v2\/pages\/593\/revisions\/1192"}],"wp:attachment":[{"href":"https:\/\/seguristec.com.mx\/v2\/wp-json\/wp\/v2\/media?parent=593"}],"curies":[{"name":"wp","href":"https:\/\/api.w.org\/{rel}","templated":true}]}}